{"id":2764,"date":"2015-11-26T15:23:59","date_gmt":"2015-11-26T15:23:59","guid":{"rendered":"http:\/\/www.flatlayers.com\/themes\/caress\/her\/?page_id=2764"},"modified":"2022-12-28T16:07:26","modified_gmt":"2022-12-28T15:07:26","slug":"conseils-revetement-sol-parquet","status":"publish","type":"page","link":"https:\/\/www.in-parquet.com\/blog\/","title":{"rendered":"Home"},"content":{"rendered":"","protected":false},"excerpt":{"rendered":"","protected":false},"author":1,"featured_media":0,"parent":0,"menu_order":0,"comment_status":"closed","ping_status":"closed","template":"templates\/homepage.php","meta":{"footnotes":""},"class_list":["post-2764","page","type-page","status-publish","hentry"],"yoast_head":"<!-- This site is optimized with the Yoast SEO plugin v23.3 - https:\/\/yoast.com\/wordpress\/plugins\/seo\/ -->\n<title>Conseils de rev\u00eatement de sol parquet<\/title>\n<meta name=\"description\" content=\"Retrouvez les diff\u00e9rentes actualit\u00e9s et conseils de rev\u00eatement de sol, les tendances et les guides d\u2019achat pour un meilleur int\u00e9rieur.\" \/>\n<meta name=\"robots\" content=\"index, follow, max-snippet:-1, max-image-preview:large, max-video-preview:-1\" \/>\n<link rel=\"canonical\" href=\"https:\/\/www.in-parquet.com\/blog\/\" \/>\n<meta property=\"og:locale\" content=\"fr_FR\" \/>\n<meta property=\"og:type\" content=\"article\" \/>\n<meta property=\"og:title\" content=\"Conseils de rev\u00eatement de sol parquet\" \/>\n<meta property=\"og:description\" content=\"Retrouvez les diff\u00e9rentes actualit\u00e9s et conseils de rev\u00eatement de sol, les tendances et les guides d\u2019achat pour un meilleur int\u00e9rieur.\" \/>\n<meta property=\"og:url\" content=\"https:\/\/www.in-parquet.com\/blog\/\" \/>\n<meta property=\"og:site_name\" content=\"In-parquet\" \/>\n<meta property=\"article:modified_time\" content=\"2022-12-28T15:07:26+00:00\" \/>\n<meta name=\"twitter:card\" content=\"summary_large_image\" \/>\n<script type=\"application\/ld+json\" class=\"yoast-schema-graph\">{\"@context\":\"https:\/\/schema.org\",\"@graph\":[{\"@type\":\"WebPage\",\"@id\":\"https:\/\/www.in-parquet.com\/blog\/\",\"url\":\"https:\/\/www.in-parquet.com\/blog\/\",\"name\":\"Conseils de rev\u00eatement de sol parquet\",\"isPartOf\":{\"@id\":\"https:\/\/www.in-parquet.com\/blog\/#website\"},\"datePublished\":\"2015-11-26T15:23:59+00:00\",\"dateModified\":\"2022-12-28T15:07:26+00:00\",\"description\":\"Retrouvez les diff\u00e9rentes actualit\u00e9s et conseils de rev\u00eatement de sol, les tendances et les guides d\u2019achat pour un meilleur int\u00e9rieur.\",\"breadcrumb\":{\"@id\":\"https:\/\/www.in-parquet.com\/blog\/#breadcrumb\"},\"inLanguage\":\"fr-FR\",\"potentialAction\":[{\"@type\":\"ReadAction\",\"target\":[\"https:\/\/www.in-parquet.com\/blog\/\"]}]},{\"@type\":\"BreadcrumbList\",\"@id\":\"https:\/\/www.in-parquet.com\/blog\/#breadcrumb\",\"itemListElement\":[{\"@type\":\"ListItem\",\"position\":1,\"name\":\"Accueil\",\"item\":\"https:\/\/www.in-parquet.com\/blog\/\"},{\"@type\":\"ListItem\",\"position\":2,\"name\":\"Home\"}]},{\"@type\":\"WebSite\",\"@id\":\"https:\/\/www.in-parquet.com\/blog\/#website\",\"url\":\"https:\/\/www.in-parquet.com\/blog\/\",\"name\":\"In-parquet\",\"description\":\"Sp\u00e9cialiste de la vente en ligne de parquet en France\",\"potentialAction\":[{\"@type\":\"SearchAction\",\"target\":{\"@type\":\"EntryPoint\",\"urlTemplate\":\"https:\/\/www.in-parquet.com\/blog\/?s={search_term_string}\"},\"query-input\":\"required name=search_term_string\"}],\"inLanguage\":\"fr-FR\"}]}<\/script>\n<!-- \/ Yoast SEO plugin. -->","yoast_head_json":{"title":"Conseils de rev\u00eatement de sol parquet","description":"Retrouvez les diff\u00e9rentes actualit\u00e9s et conseils de rev\u00eatement de sol, les tendances et les guides d\u2019achat pour un meilleur int\u00e9rieur.","robots":{"index":"index","follow":"follow","max-snippet":"max-snippet:-1","max-image-preview":"max-image-preview:large","max-video-preview":"max-video-preview:-1"},"canonical":"https:\/\/www.in-parquet.com\/blog\/","og_locale":"fr_FR","og_type":"article","og_title":"Conseils de rev\u00eatement de sol parquet","og_description":"Retrouvez les diff\u00e9rentes actualit\u00e9s et conseils de rev\u00eatement de sol, les tendances et les guides d\u2019achat pour un meilleur int\u00e9rieur.","og_url":"https:\/\/www.in-parquet.com\/blog\/","og_site_name":"In-parquet","article_modified_time":"2022-12-28T15:07:26+00:00","twitter_card":"summary_large_image","schema":{"@context":"https:\/\/schema.org","@graph":[{"@type":"WebPage","@id":"https:\/\/www.in-parquet.com\/blog\/","url":"https:\/\/www.in-parquet.com\/blog\/","name":"Conseils de rev\u00eatement de sol parquet","isPartOf":{"@id":"https:\/\/www.in-parquet.com\/blog\/#website"},"datePublished":"2015-11-26T15:23:59+00:00","dateModified":"2022-12-28T15:07:26+00:00","description":"Retrouvez les diff\u00e9rentes actualit\u00e9s et conseils de rev\u00eatement de sol, les tendances et les guides d\u2019achat pour un meilleur int\u00e9rieur.","breadcrumb":{"@id":"https:\/\/www.in-parquet.com\/blog\/#breadcrumb"},"inLanguage":"fr-FR","potentialAction":[{"@type":"ReadAction","target":["https:\/\/www.in-parquet.com\/blog\/"]}]},{"@type":"BreadcrumbList","@id":"https:\/\/www.in-parquet.com\/blog\/#breadcrumb","itemListElement":[{"@type":"ListItem","position":1,"name":"Accueil","item":"https:\/\/www.in-parquet.com\/blog\/"},{"@type":"ListItem","position":2,"name":"Home"}]},{"@type":"WebSite","@id":"https:\/\/www.in-parquet.com\/blog\/#website","url":"https:\/\/www.in-parquet.com\/blog\/","name":"In-parquet","description":"Sp\u00e9cialiste de la vente en ligne de parquet en France","potentialAction":[{"@type":"SearchAction","target":{"@type":"EntryPoint","urlTemplate":"https:\/\/www.in-parquet.com\/blog\/?s={search_term_string}"},"query-input":"required name=search_term_string"}],"inLanguage":"fr-FR"}]}},"_links":{"self":[{"href":"https:\/\/www.in-parquet.com\/blog\/wp-json\/wp\/v2\/pages\/2764"}],"collection":[{"href":"https:\/\/www.in-parquet.com\/blog\/wp-json\/wp\/v2\/pages"}],"about":[{"href":"https:\/\/www.in-parquet.com\/blog\/wp-json\/wp\/v2\/types\/page"}],"author":[{"embeddable":true,"href":"https:\/\/www.in-parquet.com\/blog\/wp-json\/wp\/v2\/users\/1"}],"replies":[{"embeddable":true,"href":"https:\/\/www.in-parquet.com\/blog\/wp-json\/wp\/v2\/comments?post=2764"}],"version-history":[{"count":4,"href":"https:\/\/www.in-parquet.com\/blog\/wp-json\/wp\/v2\/pages\/2764\/revisions"}],"predecessor-version":[{"id":3984,"href":"https:\/\/www.in-parquet.com\/blog\/wp-json\/wp\/v2\/pages\/2764\/revisions\/3984"}],"wp:attachment":[{"href":"https:\/\/www.in-parquet.com\/blog\/wp-json\/wp\/v2\/media?parent=2764"}],"curies":[{"name":"wp","href":"https:\/\/api.w.org\/{rel}","templated":true}]}}