{"id":3613,"date":"2016-12-06T11:13:53","date_gmt":"2016-12-06T10:13:53","guid":{"rendered":"https:\/\/www.in-parquet.com\/blog\/?page_id=3613"},"modified":"2016-12-08T10:32:12","modified_gmt":"2016-12-08T09:32:12","slug":"actualites-douche","status":"publish","type":"page","link":"https:\/\/www.in-parquet.com\/blog\/actualites-douche\/","title":{"rendered":"Douche"},"content":{"rendered":"<h1>Actualit\u00e9s de douche : nouveaut\u00e9s, tendances et conseils pratiques<\/h1>\n<p>In-parquet\u00a0vous d\u00e9voile les nouveaut\u00e9s et les tendances afin de vous permettre de b\u00e9n\u00e9ficier\u00a0des moments de d\u00e9tente et de relaxation dans votre\u00a0douche. vous trouverez dans cette cat\u00e9gorie les diff\u00e9rentes actualit\u00e9s de douche, de son univers et de ses accessoires.<\/p>\n","protected":false},"excerpt":{"rendered":"<p>Actualit\u00e9s de douche : nouveaut\u00e9s, tendances et conseils pratiques In-parquet\u00a0vous d\u00e9voile les nouveaut\u00e9s et les tendances afin de vous permettre de b\u00e9n\u00e9ficier\u00a0des moments de d\u00e9tente et de relaxation dans votre\u00a0douche. vous trouverez dans cette cat\u00e9gorie les diff\u00e9rentes actualit\u00e9s de douche, de son univers et de ses accessoires.<\/p>\n","protected":false},"author":1,"featured_media":0,"parent":0,"menu_order":0,"comment_status":"closed","ping_status":"closed","template":"","meta":{"footnotes":""},"class_list":["post-3613","page","type-page","status-publish","hentry"],"yoast_head":"<!-- This site is optimized with the Yoast SEO plugin v23.3 - https:\/\/yoast.com\/wordpress\/plugins\/seo\/ -->\n<title>Actualit\u00e9s douche, tendance, conseils d&#039;am\u00e9nagement<\/title>\n<meta name=\"description\" content=\"Restez inform\u00e9 des diff\u00e9rentes actualit\u00e9s de douche pour s&#039;inspirer des nouvelles tendances afin de bien choisir et entretenir votre douche.\" \/>\n<meta name=\"robots\" content=\"index, follow, max-snippet:-1, max-image-preview:large, max-video-preview:-1\" \/>\n<link rel=\"canonical\" href=\"https:\/\/www.in-parquet.com\/blog\/actualites-douche\/\" \/>\n<meta property=\"og:locale\" content=\"fr_FR\" \/>\n<meta property=\"og:type\" content=\"article\" \/>\n<meta property=\"og:title\" content=\"Actualit\u00e9s douche, tendance, conseils d&#039;am\u00e9nagement\" \/>\n<meta property=\"og:description\" content=\"Restez inform\u00e9 des diff\u00e9rentes actualit\u00e9s de douche pour s&#039;inspirer des nouvelles tendances afin de bien choisir et entretenir votre douche.\" \/>\n<meta property=\"og:url\" content=\"https:\/\/www.in-parquet.com\/blog\/actualites-douche\/\" \/>\n<meta property=\"og:site_name\" content=\"In-parquet\" \/>\n<meta property=\"article:modified_time\" content=\"2016-12-08T09:32:12+00:00\" \/>\n<meta name=\"twitter:card\" content=\"summary_large_image\" \/>\n<script type=\"application\/ld+json\" class=\"yoast-schema-graph\">{\"@context\":\"https:\/\/schema.org\",\"@graph\":[{\"@type\":\"WebPage\",\"@id\":\"https:\/\/www.in-parquet.com\/blog\/actualites-douche\/\",\"url\":\"https:\/\/www.in-parquet.com\/blog\/actualites-douche\/\",\"name\":\"Actualit\u00e9s douche, tendance, conseils d'am\u00e9nagement\",\"isPartOf\":{\"@id\":\"https:\/\/www.in-parquet.com\/blog\/#website\"},\"datePublished\":\"2016-12-06T10:13:53+00:00\",\"dateModified\":\"2016-12-08T09:32:12+00:00\",\"description\":\"Restez inform\u00e9 des diff\u00e9rentes actualit\u00e9s de douche pour s'inspirer des nouvelles tendances afin de bien choisir et entretenir votre douche.\",\"breadcrumb\":{\"@id\":\"https:\/\/www.in-parquet.com\/blog\/actualites-douche\/#breadcrumb\"},\"inLanguage\":\"fr-FR\",\"potentialAction\":[{\"@type\":\"ReadAction\",\"target\":[\"https:\/\/www.in-parquet.com\/blog\/actualites-douche\/\"]}]},{\"@type\":\"BreadcrumbList\",\"@id\":\"https:\/\/www.in-parquet.com\/blog\/actualites-douche\/#breadcrumb\",\"itemListElement\":[{\"@type\":\"ListItem\",\"position\":1,\"name\":\"Accueil\",\"item\":\"https:\/\/www.in-parquet.com\/blog\/\"},{\"@type\":\"ListItem\",\"position\":2,\"name\":\"Douche\"}]},{\"@type\":\"WebSite\",\"@id\":\"https:\/\/www.in-parquet.com\/blog\/#website\",\"url\":\"https:\/\/www.in-parquet.com\/blog\/\",\"name\":\"In-parquet\",\"description\":\"Sp\u00e9cialiste de la vente en ligne de parquet en France\",\"potentialAction\":[{\"@type\":\"SearchAction\",\"target\":{\"@type\":\"EntryPoint\",\"urlTemplate\":\"https:\/\/www.in-parquet.com\/blog\/?s={search_term_string}\"},\"query-input\":\"required name=search_term_string\"}],\"inLanguage\":\"fr-FR\"}]}<\/script>\n<!-- \/ Yoast SEO plugin. -->","yoast_head_json":{"title":"Actualit\u00e9s douche, tendance, conseils d'am\u00e9nagement","description":"Restez inform\u00e9 des diff\u00e9rentes actualit\u00e9s de douche pour s'inspirer des nouvelles tendances afin de bien choisir et entretenir votre douche.","robots":{"index":"index","follow":"follow","max-snippet":"max-snippet:-1","max-image-preview":"max-image-preview:large","max-video-preview":"max-video-preview:-1"},"canonical":"https:\/\/www.in-parquet.com\/blog\/actualites-douche\/","og_locale":"fr_FR","og_type":"article","og_title":"Actualit\u00e9s douche, tendance, conseils d'am\u00e9nagement","og_description":"Restez inform\u00e9 des diff\u00e9rentes actualit\u00e9s de douche pour s'inspirer des nouvelles tendances afin de bien choisir et entretenir votre douche.","og_url":"https:\/\/www.in-parquet.com\/blog\/actualites-douche\/","og_site_name":"In-parquet","article_modified_time":"2016-12-08T09:32:12+00:00","twitter_card":"summary_large_image","schema":{"@context":"https:\/\/schema.org","@graph":[{"@type":"WebPage","@id":"https:\/\/www.in-parquet.com\/blog\/actualites-douche\/","url":"https:\/\/www.in-parquet.com\/blog\/actualites-douche\/","name":"Actualit\u00e9s douche, tendance, conseils d'am\u00e9nagement","isPartOf":{"@id":"https:\/\/www.in-parquet.com\/blog\/#website"},"datePublished":"2016-12-06T10:13:53+00:00","dateModified":"2016-12-08T09:32:12+00:00","description":"Restez inform\u00e9 des diff\u00e9rentes actualit\u00e9s de douche pour s'inspirer des nouvelles tendances afin de bien choisir et entretenir votre douche.","breadcrumb":{"@id":"https:\/\/www.in-parquet.com\/blog\/actualites-douche\/#breadcrumb"},"inLanguage":"fr-FR","potentialAction":[{"@type":"ReadAction","target":["https:\/\/www.in-parquet.com\/blog\/actualites-douche\/"]}]},{"@type":"BreadcrumbList","@id":"https:\/\/www.in-parquet.com\/blog\/actualites-douche\/#breadcrumb","itemListElement":[{"@type":"ListItem","position":1,"name":"Accueil","item":"https:\/\/www.in-parquet.com\/blog\/"},{"@type":"ListItem","position":2,"name":"Douche"}]},{"@type":"WebSite","@id":"https:\/\/www.in-parquet.com\/blog\/#website","url":"https:\/\/www.in-parquet.com\/blog\/","name":"In-parquet","description":"Sp\u00e9cialiste de la vente en ligne de parquet en France","potentialAction":[{"@type":"SearchAction","target":{"@type":"EntryPoint","urlTemplate":"https:\/\/www.in-parquet.com\/blog\/?s={search_term_string}"},"query-input":"required name=search_term_string"}],"inLanguage":"fr-FR"}]}},"_links":{"self":[{"href":"https:\/\/www.in-parquet.com\/blog\/wp-json\/wp\/v2\/pages\/3613"}],"collection":[{"href":"https:\/\/www.in-parquet.com\/blog\/wp-json\/wp\/v2\/pages"}],"about":[{"href":"https:\/\/www.in-parquet.com\/blog\/wp-json\/wp\/v2\/types\/page"}],"author":[{"embeddable":true,"href":"https:\/\/www.in-parquet.com\/blog\/wp-json\/wp\/v2\/users\/1"}],"replies":[{"embeddable":true,"href":"https:\/\/www.in-parquet.com\/blog\/wp-json\/wp\/v2\/comments?post=3613"}],"version-history":[{"count":3,"href":"https:\/\/www.in-parquet.com\/blog\/wp-json\/wp\/v2\/pages\/3613\/revisions"}],"predecessor-version":[{"id":3637,"href":"https:\/\/www.in-parquet.com\/blog\/wp-json\/wp\/v2\/pages\/3613\/revisions\/3637"}],"wp:attachment":[{"href":"https:\/\/www.in-parquet.com\/blog\/wp-json\/wp\/v2\/media?parent=3613"}],"curies":[{"name":"wp","href":"https:\/\/api.w.org\/{rel}","templated":true}]}}